{"id":2445,"date":"2020-04-29T11:22:13","date_gmt":"2020-04-29T11:22:13","guid":{"rendered":"http:\/\/olea.inrameknes.info\/?page_id=2445"},"modified":"2023-12-27T18:28:26","modified_gmt":"2023-12-27T18:28:26","slug":"varietes-inra","status":"publish","type":"page","link":"https:\/\/olea.inrameknes.info\/?page_id=2445","title":{"rendered":"Vari\u00e9t\u00e9s INRA"},"content":{"rendered":"\n<figure class=\"wp-block-image size-large\"><img loading=\"lazy\" decoding=\"async\" width=\"1024\" height=\"768\" src=\"http:\/\/olea.inrameknes.info\/wp-content\/uploads\/2020\/05\/Colza-Vari\u00e9t\u00e9-Narjisse-1024x768.jpg\" alt=\"\" class=\"wp-image-2509\" srcset=\"https:\/\/olea.inrameknes.info\/wp-content\/uploads\/2020\/05\/Colza-Vari\u00e9t\u00e9-Narjisse-1024x768.jpg 1024w, https:\/\/olea.inrameknes.info\/wp-content\/uploads\/2020\/05\/Colza-Vari\u00e9t\u00e9-Narjisse-300x225.jpg 300w, https:\/\/olea.inrameknes.info\/wp-content\/uploads\/2020\/05\/Colza-Vari\u00e9t\u00e9-Narjisse-768x576.jpg 768w, https:\/\/olea.inrameknes.info\/wp-content\/uploads\/2020\/05\/Colza-Vari\u00e9t\u00e9-Narjisse-1536x1152.jpg 1536w, https:\/\/olea.inrameknes.info\/wp-content\/uploads\/2020\/05\/Colza-Vari\u00e9t\u00e9-Narjisse-2048x1536.jpg 2048w, https:\/\/olea.inrameknes.info\/wp-content\/uploads\/2020\/05\/Colza-Vari\u00e9t\u00e9-Narjisse-400x300.jpg 400w\" sizes=\"(max-width: 1024px) 100vw, 1024px\" \/><\/figure>\n\n\n\n<p> <strong>Ci-apr\u00e8s les fiches de pr\u00e9sentation, en langues fran\u00e7aise et arabe, des six vari\u00e9t\u00e9s de colza marocaines productives, adapt\u00e9es et de bonne qualit\u00e9, lign\u00e9es pures et synth\u00e9tiques, inscrites au Catalogue Officiel par l&rsquo;INRA entre 2008 et 2018 :<\/strong>  <\/p>\n\n\n\n<p>Vari\u00e9t\u00e9 de colza <strong><mark style=\"background-color:rgba(0, 0, 0, 0)\" class=\"has-inline-color has-blue-color\"><a rel=\"noreferrer noopener\" href=\"https:\/\/inrameknes.info\/wp-content\/uploads\/2023\/12\/Marina_Fiche-de-presentation.pdf\" target=\"_blank\">Marina<\/a><\/mark><\/strong> &#8211; \u0635\u0646\u0641 \u0627\u0644\u0633\u0644\u062c\u0645 <strong><mark style=\"background-color:rgba(0, 0, 0, 0)\" class=\"has-inline-color has-blue-color\"><a href=\"http:\/\/olea.inrameknes.info\/wp-content\/uploads\/2023\/12\/Fiche-Marina_Ar.pdf\" target=\"_blank\" rel=\"noreferrer noopener\">\u0645\u0631\u0646\u0629<\/a><\/mark><\/strong><\/p>\n\n\n\n<p>Vari\u00e9t\u00e9 de colza <strong><mark style=\"background-color:rgba(0, 0, 0, 0)\" class=\"has-inline-color has-blue-color\"><a rel=\"noreferrer noopener\" href=\"https:\/\/inrameknes.info\/wp-content\/uploads\/2023\/12\/Redana_Fiche-de-presentation.pdf\" target=\"_blank\">Redana<\/a><\/mark><\/strong> &#8211; \u0635\u0646\u0641 \u0627\u0644\u0633\u0644\u062c\u0645 <strong><mark style=\"background-color:rgba(0, 0, 0, 0)\" class=\"has-inline-color has-blue-color\"><a href=\"http:\/\/olea.inrameknes.info\/wp-content\/uploads\/2023\/12\/Fiche-Redana_Ar.pdf\" target=\"_blank\" rel=\"noreferrer noopener\">\u0631\u064a\u0636\u0627\u0646\u0627<\/a><\/mark><\/strong><\/p>\n\n\n\n<p> Vari\u00e9t\u00e9 de colza <strong><a rel=\"noreferrer noopener\" aria-label=\" (s\u2019ouvre dans un nouvel onglet)\" href=\"http:\/\/olea.inrameknes.info\/wp-content\/uploads\/2020\/05\/Fiche-Colza-Baraka_Fr.pdf\" target=\"_blank\">Baraka<\/a><\/strong> &#8211; \u0635\u0646\u0641 \u0627\u0644\u0633\u0644\u062c\u0645 <strong><a rel=\"noreferrer noopener\" aria-label=\"\u0628\u0631\u0643\u0629 (s\u2019ouvre dans un nouvel onglet)\" href=\"http:\/\/olea.inrameknes.info\/wp-content\/uploads\/2020\/05\/Fiche-Colza-Baraka_Ar.pdf\" target=\"_blank\">\u0628\u0631\u0643\u0629<\/a><\/strong><\/p>\n\n\n\n<p>Vari\u00e9t\u00e9 de colza <strong><a rel=\"noreferrer noopener\" aria-label=\" (s\u2019ouvre dans un nouvel onglet)\" href=\"http:\/\/olea.inrameknes.info\/wp-content\/uploads\/2020\/05\/Fiche-Colza-Alia-Fr.pdf\" target=\"_blank\">Alia<\/a><\/strong> &#8211; \u0635\u0646\u0641 \u0627\u0644\u0633\u0644\u062c\u0645 <strong><a rel=\"noreferrer noopener\" aria-label=\" (s\u2019ouvre dans un nouvel onglet)\" href=\"http:\/\/olea.inrameknes.info\/wp-content\/uploads\/2020\/05\/Fiche-Colza-Alia_Ar.pdf\" target=\"_blank\">\u0639\u0627\u0644\u064a\u0629<\/a><\/strong><\/p>\n\n\n\n<p>Vari\u00e9t\u00e9 de colza <strong><a rel=\"noreferrer noopener\" aria-label=\" (s\u2019ouvre dans un nouvel onglet)\" href=\"http:\/\/olea.inrameknes.info\/wp-content\/uploads\/2020\/05\/Fiche-Colza-Adila_Fr.pdf\" target=\"_blank\">Adila<\/a><\/strong> &#8211;&nbsp; \u0635\u0646\u0641 \u0627\u0644\u0633\u0644\u062c\u0645 <strong><a rel=\"noreferrer noopener\" aria-label=\" (s\u2019ouvre dans un nouvel onglet)\" href=\"http:\/\/olea.inrameknes.info\/wp-content\/uploads\/2020\/05\/Fiche-Colza-Adila_Ar.pdf\" target=\"_blank\">\u0639\u062f\u064a\u0644\u0629<\/a><\/strong><\/p>\n\n\n\n<p>Vari\u00e9t\u00e9 de colza <strong><a rel=\"noreferrer noopener\" aria-label=\" (s\u2019ouvre dans un nouvel onglet)\" href=\"http:\/\/olea.inrameknes.info\/wp-content\/uploads\/2020\/05\/Fiche-Colza-Lila_Fr.pdf\" target=\"_blank\">Lila<\/a><\/strong> &#8211;&nbsp; \u0635\u0646\u0641 \u0627\u0644\u0633\u0644\u062c\u0645 <strong><a rel=\"noreferrer noopener\" aria-label=\" (s\u2019ouvre dans un nouvel onglet)\" href=\"http:\/\/olea.inrameknes.info\/wp-content\/uploads\/2020\/05\/Fiche-Colza-Lila_Ar.pdf\" target=\"_blank\">\u0644\u064a\u0644\u0627<\/a><\/strong><\/p>\n\n\n\n<p>Vari\u00e9t\u00e9 de colza <strong><a rel=\"noreferrer noopener\" aria-label=\" (s\u2019ouvre dans un nouvel onglet)\" href=\"http:\/\/olea.inrameknes.info\/wp-content\/uploads\/2020\/05\/Fiche-Colza-Moufida_Fr.pdf\" target=\"_blank\">Moufida<\/a><\/strong> &#8211;&nbsp; \u0635\u0646\u0641 \u0627\u0644\u0633\u0644\u062c\u0645 <strong><a rel=\"noreferrer noopener\" aria-label=\" (s\u2019ouvre dans un nouvel onglet)\" href=\"http:\/\/olea.inrameknes.info\/wp-content\/uploads\/2020\/05\/Fiche-Colza-Moufida_Ar.pdf\" target=\"_blank\">\u0645\u0641\u064a\u062f\u0629<\/a><\/strong><\/p>\n\n\n\n<p>Vari\u00e9t\u00e9 de colza <strong><a rel=\"noreferrer noopener\" aria-label=\" (s\u2019ouvre dans un nouvel onglet)\" href=\"http:\/\/olea.inrameknes.info\/wp-content\/uploads\/2020\/05\/Fiche-Colza-Narjisse_Fr.pdf\" target=\"_blank\">Narjisse<\/a><\/strong>&nbsp;&#8211; \u0635\u0646\u0641 \u0627\u0644\u0633\u0644\u062c\u0645 <strong><a href=\"http:\/\/olea.inrameknes.info\/wp-content\/uploads\/2020\/05\/Fiche-Colza-Narjisse_Ar.pdf\">\u0646\u0631\u062c\u064a\u0633<\/a><\/strong><\/p>\n","protected":false},"excerpt":{"rendered":"<p>Ci-apr\u00e8s les fiches de pr\u00e9sentation, en langues fran\u00e7aise et arabe, des six vari\u00e9t\u00e9s de colza marocaines productives, adapt\u00e9es et de bonne qualit\u00e9, lign\u00e9es pures et synth\u00e9tiques, inscrites au Catalogue Officiel par l&rsquo;INRA entre 2008 et 2018 : Vari\u00e9t\u00e9 de colza &hellip; <a href=\"https:\/\/olea.inrameknes.info\/?page_id=2445\">Continuer la lecture <span class=\"meta-nav\">&rarr;<\/span><\/a><\/p>\n","protected":false},"author":1,"featured_media":2707,"parent":0,"menu_order":0,"comment_status":"closed","ping_status":"closed","template":"","meta":{"footnotes":""},"_links":{"self":[{"href":"https:\/\/olea.inrameknes.info\/index.php?rest_route=\/wp\/v2\/pages\/2445"}],"collection":[{"href":"https:\/\/olea.inrameknes.info\/index.php?rest_route=\/wp\/v2\/pages"}],"about":[{"href":"https:\/\/olea.inrameknes.info\/index.php?rest_route=\/wp\/v2\/types\/page"}],"author":[{"embeddable":true,"href":"https:\/\/olea.inrameknes.info\/index.php?rest_route=\/wp\/v2\/users\/1"}],"replies":[{"embeddable":true,"href":"https:\/\/olea.inrameknes.info\/index.php?rest_route=%2Fwp%2Fv2%2Fcomments&post=2445"}],"version-history":[{"count":17,"href":"https:\/\/olea.inrameknes.info\/index.php?rest_route=\/wp\/v2\/pages\/2445\/revisions"}],"predecessor-version":[{"id":2802,"href":"https:\/\/olea.inrameknes.info\/index.php?rest_route=\/wp\/v2\/pages\/2445\/revisions\/2802"}],"wp:featuredmedia":[{"embeddable":true,"href":"https:\/\/olea.inrameknes.info\/index.php?rest_route=\/wp\/v2\/media\/2707"}],"wp:attachment":[{"href":"https:\/\/olea.inrameknes.info\/index.php?rest_route=%2Fwp%2Fv2%2Fmedia&parent=2445"}],"curies":[{"name":"wp","href":"https:\/\/api.w.org\/{rel}","templated":true}]}}