{"id":2444,"date":"2020-04-29T11:22:13","date_gmt":"2020-04-29T11:22:13","guid":{"rendered":"http:\/\/olea.inrameknes.info\/?page_id=2444"},"modified":"2021-06-18T11:56:29","modified_gmt":"2021-06-18T11:56:29","slug":"plateformes-de-demonstration","status":"publish","type":"page","link":"https:\/\/olea.inrameknes.info\/?page_id=2444","title":{"rendered":"Plateformes de d\u00e9monstration"},"content":{"rendered":"\n<h2 class=\"wp-block-heading\">Pr\u00e9sentation des plateformes de d\u00e9monstration<\/h2>\n\n\n\n<figure class=\"wp-block-image size-large is-resized\"><img loading=\"lazy\" decoding=\"async\" src=\"http:\/\/olea.inrameknes.info\/wp-content\/uploads\/2020\/05\/Plateforme-1024x768.jpg\" alt=\"\" class=\"wp-image-2609\" width=\"590\" height=\"449\"\/><figcaption>Plateforme Colza, DE. Douyet (2019-20)<\/figcaption><\/figure>\n\n\n\n<p>Durant les campagnes 2019-20 et 2020-21, des plateformes de d\u00e9monstration ont \u00e9t\u00e9 install\u00e9es au sein des Domaine Exp\u00e9rimentaux INRA de Douyet et de Sidi Allal Tazi. Les esp\u00e8ces qui y ont \u00e9t\u00e9 install\u00e9es sont le Colza (au sein des deux domaines exp\u00e9rimentaux et durant les deux campagnes) et le tournesol (\u00e0 Sidi Allal Tazi en 2019-20).<\/p>\n\n\n\n<figure class=\"wp-block-image size-large\"><img loading=\"lazy\" decoding=\"async\" width=\"1024\" height=\"683\" src=\"http:\/\/olea.inrameknes.info\/wp-content\/uploads\/2021\/04\/IMG_8977-1024x683.jpg\" alt=\"\" class=\"wp-image-2704\" srcset=\"https:\/\/olea.inrameknes.info\/wp-content\/uploads\/2021\/04\/IMG_8977-1024x683.jpg 1024w, https:\/\/olea.inrameknes.info\/wp-content\/uploads\/2021\/04\/IMG_8977-300x200.jpg 300w, https:\/\/olea.inrameknes.info\/wp-content\/uploads\/2021\/04\/IMG_8977-768x512.jpg 768w, https:\/\/olea.inrameknes.info\/wp-content\/uploads\/2021\/04\/IMG_8977-1536x1024.jpg 1536w, https:\/\/olea.inrameknes.info\/wp-content\/uploads\/2021\/04\/IMG_8977-2048x1365.jpg 2048w, https:\/\/olea.inrameknes.info\/wp-content\/uploads\/2021\/04\/IMG_8977-450x300.jpg 450w\" sizes=\"(max-width: 1024px) 100vw, 1024px\" \/><figcaption>Plateforme Colza, DE. Sidi Alla Tazi (2020-21)<\/figcaption><\/figure>\n\n\n\n<p>Un double objectif est assign\u00e9 \u00e0 ces plateformes : un objectif de transfert de technologie et un objectif scientifique.<\/p>\n\n\n\n<div class=\"wp-block-image\"><figure class=\"alignright size-large is-resized\"><img loading=\"lazy\" decoding=\"async\" src=\"http:\/\/olea.inrameknes.info\/wp-content\/uploads\/2021\/04\/IMG_8980-1024x683.jpg\" alt=\"\" class=\"wp-image-2705\" width=\"377\" height=\"253\"\/><\/figure><\/div>\n\n\n\n<p>Les essais de colza relatifs aux six vari\u00e9t\u00e9s marocaines (INRA) inscrites au catalogue officiel sont ainsi mis en place dans un objectif de d\u00e9monstration aux producteurs, industriels et autres partenaires du d\u00e9veloppement agricole. Les essais de tournesol pour leur part ont pour objectif  la  d\u00e9monstration des vari\u00e9t\u00e9s marocaines, en comparaison avec une vari\u00e9t\u00e9 hybride \u00e9trang\u00e8re et la d\u00e9monstration de l&rsquo;int\u00e9r\u00eat et de l&rsquo;utilit\u00e9 du semis pr\u00e9coce en d\u00e9cembre.<\/p>\n\n\n\n<p>L&rsquo;objectif scientifique sous-jacent \u00e0 l&rsquo;installation de ces essais est la comparaison de ces vari\u00e9t\u00e9s sur la base du rendement en graines, de la teneur en huile et de la qualit\u00e9 biochimique des graines et des huiles qui en sont extraites. <\/p>\n\n\n\n<p>Le dispositif exp\u00e9rimental adopt\u00e9 est un bloc al\u00e9atoire complet avec trois r\u00e9p\u00e9titions.<\/p>\n\n\n\n<h2 class=\"wp-block-heading\"><a href=\"http:\/\/olea.inrameknes.info\/?page_id=2391\">Photos des essais de d\u00e9monstration selon les stades v\u00e9g\u00e9tatifs des cultures<\/a><\/h2>\n\n\n\n<p>      Cliquez<a href=\"http:\/\/olea.inrameknes.info\/?page_id=2391\"> ici<\/a> pour acc\u00e9der \u00e0 la galerie photo<\/p>\n\n\n\n<h2 class=\"wp-block-heading\"><strong>Visite guid\u00e9e des plateformes de  d\u00e9monstration<\/strong><\/h2>\n\n\n\n<div class=\"wp-block-image\"><figure class=\"alignright size-large is-resized\"><img loading=\"lazy\" decoding=\"async\" src=\"http:\/\/olea.inrameknes.info\/wp-content\/uploads\/2020\/05\/Narjisse12mars2020.jpg\" alt=\"\" class=\"wp-image-2593\" width=\"379\" height=\"290\"\/><\/figure><\/div>\n\n\n\n<p>Vous \u00eates invit\u00e9Es \u00e0 une visite guid\u00e9e en ligne&nbsp;\u00e0 travers les vid\u00e9os ci-dessous des plateformes de d\u00e9monstration des vari\u00e9t\u00e9s INRA de cultures ol\u00e9agineuses install\u00e9es aux domaines exp\u00e9rimentaux de&nbsp;<a rel=\"noreferrer noopener\" href=\"http:\/\/inrameknes.info\/?page_id=131\" target=\"_blank\">Douyet<\/a>&nbsp;(CRRA Mekn\u00e8s) et de Sidi Allal Tazi (CRRA K\u00e9nitra). <\/p>\n\n\n\n<p><\/p>\n\n\n\n<ul><li><a href=\"https:\/\/www.youtube.com\/watch?v=-SGZpFln2YQ\">Plateforme du Domaine Exp\u00e9rimental de Douyet<\/a> (2019-20)<\/li><\/ul>\n\n\n\n<ul><li><a href=\"https:\/\/www.youtube.com\/watch?v=9Pl5OOiWpSU\">Plateforme du Domaine Exp\u00e9rimental de Sidi Allal Tazi<\/a> (2019-20)<\/li><\/ul>\n\n\n\n<ul><li><a href=\"https:\/\/www.youtube.com\/watch?v=mMPutbPGf2A\">Plateforme du Domaine Exp\u00e9rimental de Sidi Allal Tazi (2020-21)<\/a><\/li><\/ul>\n\n\n\n<p><\/p>\n","protected":false},"excerpt":{"rendered":"<p>Pr\u00e9sentation des plateformes de d\u00e9monstration Durant les campagnes 2019-20 et 2020-21, des plateformes de d\u00e9monstration ont \u00e9t\u00e9 install\u00e9es au sein des Domaine Exp\u00e9rimentaux INRA de Douyet et de Sidi Allal Tazi. Les esp\u00e8ces qui y ont \u00e9t\u00e9 install\u00e9es sont le &hellip; <a href=\"https:\/\/olea.inrameknes.info\/?page_id=2444\">Continuer la lecture <span class=\"meta-nav\">&rarr;<\/span><\/a><\/p>\n","protected":false},"author":1,"featured_media":2704,"parent":0,"menu_order":0,"comment_status":"closed","ping_status":"closed","template":"","meta":{"footnotes":""},"_links":{"self":[{"href":"https:\/\/olea.inrameknes.info\/index.php?rest_route=\/wp\/v2\/pages\/2444"}],"collection":[{"href":"https:\/\/olea.inrameknes.info\/index.php?rest_route=\/wp\/v2\/pages"}],"about":[{"href":"https:\/\/olea.inrameknes.info\/index.php?rest_route=\/wp\/v2\/types\/page"}],"author":[{"embeddable":true,"href":"https:\/\/olea.inrameknes.info\/index.php?rest_route=\/wp\/v2\/users\/1"}],"replies":[{"embeddable":true,"href":"https:\/\/olea.inrameknes.info\/index.php?rest_route=%2Fwp%2Fv2%2Fcomments&post=2444"}],"version-history":[{"count":11,"href":"https:\/\/olea.inrameknes.info\/index.php?rest_route=\/wp\/v2\/pages\/2444\/revisions"}],"predecessor-version":[{"id":2726,"href":"https:\/\/olea.inrameknes.info\/index.php?rest_route=\/wp\/v2\/pages\/2444\/revisions\/2726"}],"wp:featuredmedia":[{"embeddable":true,"href":"https:\/\/olea.inrameknes.info\/index.php?rest_route=\/wp\/v2\/media\/2704"}],"wp:attachment":[{"href":"https:\/\/olea.inrameknes.info\/index.php?rest_route=%2Fwp%2Fv2%2Fmedia&parent=2444"}],"curies":[{"name":"wp","href":"https:\/\/api.w.org\/{rel}","templated":true}]}}