{"id":2389,"date":"2020-04-21T11:14:47","date_gmt":"2020-04-21T11:14:47","guid":{"rendered":"http:\/\/olea.inrameknes.info\/?page_id=2389"},"modified":"2022-11-16T15:56:17","modified_gmt":"2022-11-16T15:56:17","slug":"activites-et-news","status":"publish","type":"page","link":"https:\/\/olea.inrameknes.info\/?page_id=2389","title":{"rendered":"News"},"content":{"rendered":"\n<div class=\"wp-block-group\"><div class=\"wp-block-group__inner-container is-layout-flow wp-block-group-is-layout-flow\">\n<figure class=\"wp-block-pullquote\" style=\"border-color:#60a300\"><blockquote><p><strong>S\u00e9minaire scientifique : <\/strong><\/p><p><strong>\u00ab Acquis et perspectives de la fili\u00e8re ol\u00e9agineuse dans un contexte de changement climatique et d\u2019incertitudes de march\u00e9 \u00bb<\/strong><\/p><cite>Mekn\u00e8s le 17 novembre 2022<\/cite><\/blockquote><\/figure>\n\n\n\n<figure class=\"wp-block-image size-large\"><img loading=\"lazy\" decoding=\"async\" width=\"1024\" height=\"506\" src=\"http:\/\/olea.inrameknes.info\/wp-content\/uploads\/2022\/11\/Champ-de-colza-1024x506-1.jpg\" alt=\"\" class=\"wp-image-2762\" srcset=\"https:\/\/olea.inrameknes.info\/wp-content\/uploads\/2022\/11\/Champ-de-colza-1024x506-1.jpg 1024w, https:\/\/olea.inrameknes.info\/wp-content\/uploads\/2022\/11\/Champ-de-colza-1024x506-1-300x148.jpg 300w, https:\/\/olea.inrameknes.info\/wp-content\/uploads\/2022\/11\/Champ-de-colza-1024x506-1-768x380.jpg 768w, https:\/\/olea.inrameknes.info\/wp-content\/uploads\/2022\/11\/Champ-de-colza-1024x506-1-500x247.jpg 500w\" sizes=\"(max-width: 1024px) 100vw, 1024px\" \/><\/figure>\n\n\n\n<p>L\u2019Institut National de la Recherche Agronomique (Centre R\u00e9gional de Mekn\u00e8s) organise le s\u00e9minaire scientifique\u00ab&nbsp;<strong>Acquis et perspectives de la fili\u00e8re ol\u00e9agineuse dans un contexte de changement climatique et d\u2019incertitudes de march\u00e9<\/strong>&nbsp;\u00bb le jeudi 17 novembre 2022 (9h) au Qualipole Alimentation de Mekn\u00e8s.<\/p>\n\n\n\n<p>Cette manifestation vise le partage des r\u00e9sultats et acquis du projet \u00ab Valorisation des ressources g\u00e9n\u00e9tiques ol\u00e9agineuses par la mise au point d\u2019huile monovari\u00e9tale et d\u2019huile de m\u00e9lange de graines de bonne qualit\u00e9 alimentaire et nutritionnelle \u00bb dont l\u2019objectif global est la valorisation et la promotion des vari\u00e9t\u00e9s marocaines de colza et de tournesol. Le s\u00e9minaire sera aussi une occasion pour approfondir le d\u00e9bat sur les opportunit\u00e9s de recherche futures en accompagnement de l\u2019essor de la fili\u00e8re ol\u00e9agineuse conform\u00e9ment aux orientations de la strat\u00e9gie \u00ab G\u00e9n\u00e9ration Green \u00bb dans le contexte climatique actuel et en rapport avec les mutations du march\u00e9.<\/p>\n\n\n\n<p>Le projet de recherche mentionn\u00e9 est une initiative de recherche-d\u00e9veloppement pluridisciplinaire et multi-institutionnelle coordonn\u00e9e par l\u2019INRA-CRRA de Mekn\u00e8s avec le soutien du MAPMDREF-DEFR dans le cadre du M\u00e9canisme Comp\u00e9titif de Recherche D\u00e9veloppement et Vulgarisation (MCRDV) pour la p\u00e9riode 2019-2022. En plus des chercheurs de l\u2019INRA, l\u2019\u00e9quipe du projet est constitu\u00e9e d\u2019enseignants-chercheurs de l\u2019ENA de Mekn\u00e8s et de la FST de Beni Mellal. Ce projet b\u00e9n\u00e9ficie de la collaboration de la F\u00e9d\u00e9ration interprofessionnelle des ol\u00e9agineux au Maroc (FOLEA) et de l\u2019Office National du Conseil Agricole (ONCA) pour les aspects de d\u00e9veloppement et de transfert de technologie.<\/p>\n\n\n\n<p> <a rel=\"noreferrer noopener\" href=\"https:\/\/teams.microsoft.com\/l\/meetup-join\/19%3ameeting_MzgzNDA5ZDMtMmEyZC00YzliLTkxM2UtM2ZkMjk3OTIzNzFk%40thread.v2\/0?context=%7b%22Tid%22%3a%22f79b0200-10b1-4e9c-9850-97fe10c46cb6%22%2c%22Oid%22%3a%2216e33482-8a4a-4a74-98df-03e46414b1ca%22%7d\" target=\"_blank\">Cliquez ici pour suivre la conf\u00e9rence en ligne<\/a> <\/p>\n\n\n\n<div class=\"wp-block-group has-background\" style=\"background-color:#08a300\"><div class=\"wp-block-group__inner-container is-layout-flow wp-block-group-is-layout-flow\">\n<div class=\"wp-block-group has-light-gray-background-color has-background\"><div class=\"wp-block-group__inner-container is-layout-flow wp-block-group-is-layout-flow\">\n<blockquote class=\"wp-block-quote is-style-large is-layout-flow wp-block-quote-is-layout-flow\"><p> <strong>Journ\u00e9e de d\u00e9monstration des vari\u00e9t\u00e9s INRA de colza,  <\/strong>Domaine Exp\u00e9rimental de Douyet  le 11 mai 2022<strong>  <\/strong><\/p><\/blockquote>\n<\/div><\/div>\n<\/div><\/div>\n<\/div><\/div>\n\n\n\n<div class=\"wp-block-image is-style-default\"><figure class=\"alignleft size-large is-resized\"><img loading=\"lazy\" decoding=\"async\" src=\"http:\/\/olea.inrameknes.info\/wp-content\/uploads\/2021\/04\/Colza-Lila-1-1024x725.jpg\" alt=\"\" class=\"wp-image-2683\" width=\"270\" height=\"192\" srcset=\"https:\/\/olea.inrameknes.info\/wp-content\/uploads\/2021\/04\/Colza-Lila-1-1024x725.jpg 1024w, https:\/\/olea.inrameknes.info\/wp-content\/uploads\/2021\/04\/Colza-Lila-1-300x212.jpg 300w, https:\/\/olea.inrameknes.info\/wp-content\/uploads\/2021\/04\/Colza-Lila-1-768x543.jpg 768w, https:\/\/olea.inrameknes.info\/wp-content\/uploads\/2021\/04\/Colza-Lila-1-1536x1087.jpg 1536w, https:\/\/olea.inrameknes.info\/wp-content\/uploads\/2021\/04\/Colza-Lila-1-2048x1449.jpg 2048w, https:\/\/olea.inrameknes.info\/wp-content\/uploads\/2021\/04\/Colza-Lila-1-424x300.jpg 424w\" sizes=\"(max-width: 270px) 100vw, 270px\" \/><\/figure><\/div>\n\n\n\n<p>L\u2019Institut\nNational de la Recherche Agronomique (INRA \u2013 CRRA Mekn\u00e8s) organise une journ\u00e9e de\nd\u00e9monstration des vari\u00e9t\u00e9s INRA de colza, le 11 mai 2022 \u00e0 partir de 10h00 au\nDomaine Exp\u00e9rimental de Douyet (Province de Moulay Yaakoub).<\/p>\n\n\n\n<p>Il s\u2019agit de la\npr\u00e9sentation d\u2019une plateforme d\u2019innovation \u00e0 base de nouvelles vari\u00e9t\u00e9s de\ncolza r\u00e9cemment obtenues, en plus des six vari\u00e9t\u00e9s marocaines d\u00e9j\u00e0 inscrites au\nCatalogue Officiel entre 2008 et 2018. Toutes ces vari\u00e9t\u00e9s sont hautement\nproductives en graines et de type Canola&nbsp;; avec une huile de bonne qualit\u00e9\nindemne d\u2019acide \u00e9rucique et un tourteau \u00e0 faible teneur en glucosinolates.<\/p>\n\n\n\n<p>La\nmanifestation se tient dans le cadre du projet\n\u00ab\u00a0<em>Valorisation des ressources g\u00e9n\u00e9tiques ol\u00e9agineuses par la mise au\npoint d\u2019huile monovari\u00e9tale et d\u2019huile de m\u00e9lange de graines de bonne qualit\u00e9\nalimentaire et nutritionnelle<\/em>\u00a0\u00bb qui vise la valorisation et la\npromotion des vari\u00e9t\u00e9s marocaines de colza et de tournesol.<\/p>\n\n\n\n<p>Ledit\nprojet est une initiative de recherche-d\u00e9veloppement\npluridisciplinaire et multi-institutionnelle\ncoordonn\u00e9e par le CRRA Mekn\u00e8s et soutenue par Le Minist\u00e8re de l\u2019Agriculture, de\nla P\u00eache Maritime, du D\u00e9veloppement Rural et des Eaux et For\u00eats (Direction de\nl\u2019Enseignement, la Formation et la Recherche) dans le cadre du \u00ab M\u00e9canisme\nComp\u00e9titif de Recherche D\u00e9veloppement et Vulgarisation (MCRDV) \u00bb pour la\np\u00e9riode 2019-2022. En plus des chercheurs de l\u2019INRA, l\u2019\u00e9quipe du projet est\nconstitu\u00e9e d\u2019enseignants-chercheurs de l\u2019ENA de Mekn\u00e8s et de la FST de Beni\nMellal. Ce projet b\u00e9n\u00e9ficie de la collaboration de la F\u00e9d\u00e9ration\ninterprofessionnelle des ol\u00e9agineux au Maroc (FOLEA) et de l\u2019Office National du\nConseil Agricole (ONCA) pour les aspects de d\u00e9veloppement et de transfert de\ntechnologie.<\/p>\n\n\n\n<figure class=\"wp-block-pullquote\"><blockquote><p><a href=\"https:\/\/www.youtube.com\/watch?v=mMPutbPGf2A\"><strong>Vid\u00e9o <\/strong>: Vari\u00e9t\u00e9s marocaines de colza cr\u00e9\u00e9es par l&rsquo;INRA<\/a><\/p><\/blockquote><\/figure>\n\n\n\n<div class=\"wp-block-image\"><figure class=\"aligncenter size-large\"><a href=\"https:\/\/www.youtube.com\/watch?v=mMPutbPGf2A\"><img loading=\"lazy\" decoding=\"async\" width=\"1024\" height=\"576\" src=\"http:\/\/olea.inrameknes.info\/wp-content\/uploads\/2021\/06\/Titre-1024x576.jpg\" alt=\"\" class=\"wp-image-2727\" srcset=\"https:\/\/olea.inrameknes.info\/wp-content\/uploads\/2021\/06\/Titre-1024x576.jpg 1024w, https:\/\/olea.inrameknes.info\/wp-content\/uploads\/2021\/06\/Titre-300x169.jpg 300w, https:\/\/olea.inrameknes.info\/wp-content\/uploads\/2021\/06\/Titre-768x432.jpg 768w, https:\/\/olea.inrameknes.info\/wp-content\/uploads\/2021\/06\/Titre-500x281.jpg 500w, https:\/\/olea.inrameknes.info\/wp-content\/uploads\/2021\/06\/Titre.jpg 1280w\" sizes=\"(max-width: 1024px) 100vw, 1024px\" \/><\/a><\/figure><\/div>\n\n\n\n<div class=\"wp-block-image\"><figure class=\"alignleft size-large is-resized\"><a href=\"https:\/\/www.youtube.com\/watch?v=34u0_4VVDaM\" target=\"_blank\" rel=\"noreferrer noopener\"><img loading=\"lazy\" decoding=\"async\" src=\"http:\/\/olea.inrameknes.info\/wp-content\/uploads\/2021\/04\/Affiche-Fr.jpg\" alt=\"\" class=\"wp-image-2719\" width=\"170\" height=\"239\"\/><\/a><\/figure><\/div>\n\n\n\n<figure class=\"wp-block-pullquote\"><blockquote class=\"has-text-color\" style=\"color:#0b0f75\"><p><a rel=\"noreferrer noopener\" aria-label=\"Vid\u00e9o  (s\u2019ouvre dans un nouvel onglet)\" href=\"https:\/\/www.youtube.com\/watch?v=34u0_4VVDaM\" target=\"_blank\"><strong>Vid\u00e9o <\/strong><\/a><a href=\"https:\/\/www.youtube.com\/watch?v=34u0_4VVDaM\" target=\"_blank\" rel=\"noreferrer noopener\" aria-label=\": Journ\u00e9e de d\u00e9monstration des vari\u00e9t\u00e9s INRA de colza (31\/03\/2021 au DE Sidi Allal Tazi). (s\u2019ouvre dans un nouvel onglet)\">: Journ\u00e9e de d\u00e9monstration des vari\u00e9t\u00e9s INRA de colza (31\/03\/2021 au DE Sidi Allal Tazi).<\/a><\/p><\/blockquote><\/figure>\n\n\n\n<figure class=\"wp-block-pullquote\" style=\"border-color:#666\"><blockquote class=\"has-text-color\" style=\"color:#19670c\"><p>Grand succ\u00e8s de la journ\u00e9e sur les vari\u00e9t\u00e9s INRA de colza<\/p><cite>Domaine experimental sidi allal tazi<br>31 mars 2021<\/cite><\/blockquote><\/figure>\n\n\n\n<figure class=\"wp-block-image size-large\"><img loading=\"lazy\" decoding=\"async\" width=\"1024\" height=\"473\" src=\"http:\/\/olea.inrameknes.info\/wp-content\/uploads\/2021\/04\/Visite-1-1024x473.jpg\" alt=\"\" class=\"wp-image-2696\" srcset=\"https:\/\/olea.inrameknes.info\/wp-content\/uploads\/2021\/04\/Visite-1-1024x473.jpg 1024w, https:\/\/olea.inrameknes.info\/wp-content\/uploads\/2021\/04\/Visite-1-300x139.jpg 300w, https:\/\/olea.inrameknes.info\/wp-content\/uploads\/2021\/04\/Visite-1-768x355.jpg 768w, https:\/\/olea.inrameknes.info\/wp-content\/uploads\/2021\/04\/Visite-1-1536x710.jpg 1536w, https:\/\/olea.inrameknes.info\/wp-content\/uploads\/2021\/04\/Visite-1-2048x947.jpg 2048w, https:\/\/olea.inrameknes.info\/wp-content\/uploads\/2021\/04\/Visite-1-500x231.jpg 500w\" sizes=\"(max-width: 1024px) 100vw, 1024px\" \/><\/figure>\n\n\n\n<p> La journ\u00e9e de d\u00e9monstration des&nbsp;<a rel=\"noreferrer noopener\" href=\"http:\/\/inrameknes.info\/wp-content\/uploads\/2021\/04\/D%C3%A9pliant-Vari%C3%A9t%C3%A9s-INRA-de-Colza.pdf\" target=\"_blank\">vari\u00e9t\u00e9s INRA de colza<\/a>&nbsp;organis\u00e9e le mercredi 31 mars 2021 au Domaine Exp\u00e9rimental Sidi Allal Tazi a enregistr\u00e9 un franc succ\u00e8s aupr\u00e8s de la cinquantaine de participantEs dont essentiellement des professionnels et des agents de d\u00e9veloppement du secteur des ol\u00e9agineux annuels.&nbsp;<a href=\"http:\/\/inrameknes.info\/?p=3445#more-3445\">Continuer la lecture&nbsp;\u2192<\/a> <\/p>\n\n\n\n<figure class=\"wp-block-pullquote\"><blockquote><p><strong>Les vari\u00e9t\u00e9s INRA de colza<\/strong><\/p><p>  <em> JOURN\u00c9E DE D\u00c9MONSTRATION<\/em> <\/p><cite><em>mercredi 31 mars 2021<\/em><br><em>au Domaine Exp\u00e9rimEntal Sidi Allal Tazi<\/em><\/cite><\/blockquote><\/figure>\n\n\n\n<p class=\"has-text-align-center\"><\/p>\n\n\n\n<figure class=\"wp-block-image\"><img decoding=\"async\" src=\"http:\/\/olea.inrameknes.info\/wp-content\/uploads\/2021\/03\/IMG_8977-1024x683.jpg\" alt=\"L\u2019attribut alt de cette image est vide, son nom de fichier est IMG_8977-1024x683.jpg.\"\/><\/figure>\n\n\n\n<p>L\u2019Institut National de la Recherche Agronomique (INRA) organise une journ\u00e9e de d\u00e9monstration des vari\u00e9t\u00e9s INRA de colza, le 31 mars 2021 \u00e0 10h00 au Domaine Exp\u00e9rimental Sidi Allal Tazi (Commune Sidi El Kamel &#8211; Province de Sidi Kacem).<\/p>\n\n\n\n<p>Il s\u2019agit de la pr\u00e9sentation d\u2019une plateforme d\u2019innovation \u00e0 base de nouvelles vari\u00e9t\u00e9s de colza en plus des six vari\u00e9t\u00e9s marocaines inscrites au Catalogue Officiel entre 2008 et 2018 et qui sont des vari\u00e9t\u00e9s de type Canola, hautement productives en graines et en huile de bonne qualit\u00e9 indemne d\u2019acide \u00e9rucique et avec un tourteau \u00e0 faible teneur en glucosinolates.<\/p>\n\n\n\n<p>La manifestation est conjointement organis\u00e9e par les Centre R\u00e9gionaux INRA de Mekn\u00e8s et de K\u00e9nitra dans le cadre du projet \u00ab\u00a0<em>Valorisation des ressources g\u00e9n\u00e9tiques ol\u00e9agineuses par la mise au point d\u2019huile monovari\u00e9tale et d\u2019huile de m\u00e9lange de graines de bonne qualit\u00e9 alimentaire et nutritionnelle<\/em>\u00a0\u00bb qui vise notamment la valorisation et la promotion des vari\u00e9t\u00e9s marocaines de colza et de tournesol.<\/p>\n\n\n\n<p>Ledit projet est une initiative de recherche-d\u00e9veloppement pluridisciplinaire et multi-institutionnelle coordonn\u00e9e par le CRRA Mekn\u00e8s et soutenue par Le Minist\u00e8re de l\u2019Agriculture, de la P\u00eache Maritime, du D\u00e9veloppement Rural et des Eaux et For\u00eats (Direction de l\u2019Enseignement, la Formation et la Recherche) dans le cadre du \u00abM\u00e9canisme Comp\u00e9titif de Recherche D\u00e9veloppement et Vulgarisation (MCRDV)\u00bb pour la p\u00e9riode 2019-2022. En plus des chercheurs de l\u2019INRA, l\u2019\u00e9quipe du projet est constitu\u00e9e d\u2019enseignants-chercheurs de l\u2019ENA de Mekn\u00e8s et de la FST de Beni Mellal. En mati\u00e8re de d\u00e9veloppement et de transfert de technologie, le projet b\u00e9n\u00e9ficie de la collaboration de la F\u00e9d\u00e9ration interprofessionnelle des ol\u00e9agineux au Maroc (FOLEA) et de l\u2019Office National du Conseil Agricole (ONCA).Publi\u00e9<a href=\"http:\/\/olea.inrameknes.info\/?p=2635\">\u00ab\u00a0Les vari\u00e9t\u00e9s INRA de colza\u00a0\u00bb<\/a>&nbsp;est maintenant en ligne.<\/p>\n\n\n\n<p><\/p>\n\n\n\n<figure class=\"wp-block-pullquote\"><blockquote><p><strong>R\u00e9union de d\u00e9marrage du projet<\/strong><\/p><\/blockquote><\/figure>\n\n\n\n<div class=\"wp-block-group\"><div class=\"wp-block-group__inner-container is-layout-flow wp-block-group-is-layout-flow\">\n<figure class=\"wp-block-image size-large\"><img loading=\"lazy\" decoding=\"async\" width=\"750\" height=\"614\" src=\"http:\/\/olea.inrameknes.info\/wp-content\/uploads\/2020\/04\/Equipe-du-projet-1.jpg\" alt=\"Equipe du projet (\u00e0 partir de la gch en haut) : A. Ibrahimy1, M. El Fechtali2, L. Hssa\u00efni2, N. Bahri2, A. Nabloussi2, H. Hanine3 et I. Guirrou2 (en plus de A. El Antari4 ; n\u2019est pas sur la photo) 1: ENA Mekn\u00e8s \u2013 2: INRA CRRA Mekn\u00e8s \u2013 3: FST Beni Mellal \u2013 4: INRA CRRA Marrakech.\" class=\"wp-image-2436\" srcset=\"https:\/\/olea.inrameknes.info\/wp-content\/uploads\/2020\/04\/Equipe-du-projet-1.jpg 750w, https:\/\/olea.inrameknes.info\/wp-content\/uploads\/2020\/04\/Equipe-du-projet-1-300x246.jpg 300w, https:\/\/olea.inrameknes.info\/wp-content\/uploads\/2020\/04\/Equipe-du-projet-1-366x300.jpg 366w\" sizes=\"(max-width: 750px) 100vw, 750px\" \/><figcaption>Equipe du projet (\u00e0 partir de la gch en haut) : A. Ibrahimy1, M. El Fechtali2, L. Hssa\u00efni2, N. Bahri2, A. Nabloussi2, H. Hanine3 et I. Guirrou2 (en plus de A. El Antari4 ; n\u2019est pas sur la photo) 1: ENA Mekn\u00e8s \u2013 2: INRA CRRA Mekn\u00e8s \u2013 3: FST Beni Mellal \u2013 4: INRA CRRA Marrakech.<\/figcaption><\/figure>\n<\/div><\/div>\n\n\n\n<p>Le CRRA Mekn\u00e8s a h\u00e9berg\u00e9 le jeudi 12 septembre la r\u00e9union de d\u00e9marrage du projet \u00ab&nbsp;<strong>Valorisation des ressources g\u00e9n\u00e9tiques ol\u00e9agineuses par la mise au point d\u2019huile monovari\u00e9tale et d\u2019huile de m\u00e9lange de graines de bonne qualit\u00e9 alimentaire et nutritionnelle<\/strong>&nbsp;\u00bb. Il s\u2019agit d\u2019un projet pluridisciplinaire et multi-institutionnel coordonn\u00e9 par&nbsp;<a rel=\"noreferrer noopener\" href=\"https:\/\/www.researchgate.net\/profile\/Abdelghani_Nabloussi\" target=\"_blank\">Dr Abdelghani Nabloussi<\/a>&nbsp;(<a rel=\"noreferrer noopener\" href=\"http:\/\/inrameknes.info\/?page_id=151\" target=\"_blank\">URAPCRG<\/a>&nbsp;\u2013 CRRA Mekn\u00e8s) et retenu dans le cadre du \u00ab&nbsp;<a rel=\"noreferrer noopener\" href=\"http:\/\/www.agriculture.gov.ma\/pages\/focus\/appel-projets-du-mecanisme-competitif-de-recherche-developpement-et-vulgarisation-mcrdv\" target=\"_blank\">M\u00e9canisme Comp\u00e9titif de Recherche D\u00e9veloppement et Vulgarisation<\/a>&nbsp;\u00bb parrain\u00e9 par la Direction de l\u2019Enseignement de la Recherche et du D\u00e9veloppement du&nbsp;<a rel=\"noreferrer noopener\" href=\"http:\/\/www.agriculture.gov.ma\/pages\/le-ministre\" target=\"_blank\">MAPMDREF<\/a>&nbsp;pour la p\u00e9riode 2019-2022.<\/p>\n\n\n\n<p>L\u2019objectif global de ce projet de recherche est la valorisation des obtentions INRA d\u2019ol\u00e9agineuses annuelles, colza et tournesol d\u2019automne en l\u2019occurrence. Les objectifs sp\u00e9cifiques se r\u00e9sument \u00e0 l\u2019\u00e9valuation agronomique et technologique et la s\u00e9lection participative des ressources g\u00e9n\u00e9tiques, la d\u00e9termination et la caract\u00e9risation de la qualit\u00e9 des graines, des huiles issues de ces graines et des tourteaux, l\u2019\u00e9tude de l\u2019efficience technico-\u00e9conomique de la fili\u00e8re et le renforcement de capacit\u00e9s d\u2019agriculteurs et de techniciens agricoles et industriels, en plus de la formation dipl\u00f4mante d\u2019\u00e9tudiants. Les huiles monovari\u00e9tales de colza et tournesol et les huiles issues de m\u00e9lange de graines de diff\u00e9rentes cultures ol\u00e9agineuses, avec l\u2019huile d\u2019olive, seront caract\u00e9ris\u00e9s sur la base de plusieurs param\u00e8tres physico-chimiques et biochimiques.<\/p>\n\n\n\n<p>L\u2019\u00e9quipe du projet est constitu\u00e9e de chercheurSEs de l\u2019INRA en plus d\u2019enseignantEs-chercheurSEs de la&nbsp;<a href=\"http:\/\/inrameknes.info\/www.fstbm.ac.ma\" target=\"_blank\" rel=\"noreferrer noopener\">FST de Beni Mellal&nbsp;<\/a>et de l\u2019<a href=\"http:\/\/inrameknes.info\/www.enameknes.ac.ma\" target=\"_blank\" rel=\"noreferrer noopener\">ENA de Mekn\u00e8s<\/a>. En mati\u00e8re de d\u00e9veloppement et de transfert de technologie, le projet b\u00e9n\u00e9ficie de la collaboration de cadres de la FOLEA (F\u00e9d\u00e9ration Interprofessionnelle des Ol\u00e9agineux) et de l\u2019<a href=\"http:\/\/inrameknes.info\/www.onca.gov.ma\" target=\"_blank\" rel=\"noreferrer noopener\">ONCA<\/a>.<\/p>\n\n\n<p><!--EndFragment--><\/p>","protected":false},"excerpt":{"rendered":"<p>S\u00e9minaire scientifique : \u00ab Acquis et perspectives de la fili\u00e8re ol\u00e9agineuse dans un contexte de changement climatique et d\u2019incertitudes de march\u00e9 \u00bb Mekn\u00e8s le 17 novembre 2022 L\u2019Institut National de la Recherche Agronomique (Centre R\u00e9gional de Mekn\u00e8s) organise le s\u00e9minaire &hellip; <a href=\"https:\/\/olea.inrameknes.info\/?page_id=2389\">Continuer la lecture <span class=\"meta-nav\">&rarr;<\/span><\/a><\/p>\n","protected":false},"author":1,"featured_media":2696,"parent":0,"menu_order":0,"comment_status":"closed","ping_status":"closed","template":"","meta":{"footnotes":""},"_links":{"self":[{"href":"https:\/\/olea.inrameknes.info\/index.php?rest_route=\/wp\/v2\/pages\/2389"}],"collection":[{"href":"https:\/\/olea.inrameknes.info\/index.php?rest_route=\/wp\/v2\/pages"}],"about":[{"href":"https:\/\/olea.inrameknes.info\/index.php?rest_route=\/wp\/v2\/types\/page"}],"author":[{"embeddable":true,"href":"https:\/\/olea.inrameknes.info\/index.php?rest_route=\/wp\/v2\/users\/1"}],"replies":[{"embeddable":true,"href":"https:\/\/olea.inrameknes.info\/index.php?rest_route=%2Fwp%2Fv2%2Fcomments&post=2389"}],"version-history":[{"count":28,"href":"https:\/\/olea.inrameknes.info\/index.php?rest_route=\/wp\/v2\/pages\/2389\/revisions"}],"predecessor-version":[{"id":2767,"href":"https:\/\/olea.inrameknes.info\/index.php?rest_route=\/wp\/v2\/pages\/2389\/revisions\/2767"}],"wp:featuredmedia":[{"embeddable":true,"href":"https:\/\/olea.inrameknes.info\/index.php?rest_route=\/wp\/v2\/media\/2696"}],"wp:attachment":[{"href":"https:\/\/olea.inrameknes.info\/index.php?rest_route=%2Fwp%2Fv2%2Fmedia&parent=2389"}],"curies":[{"name":"wp","href":"https:\/\/api.w.org\/{rel}","templated":true}]}}