{"id":2388,"date":"2020-04-21T11:14:47","date_gmt":"2020-04-21T11:14:47","guid":{"rendered":"http:\/\/olea.inrameknes.info\/?page_id=2388"},"modified":"2021-04-28T13:53:51","modified_gmt":"2021-04-28T13:53:51","slug":"equipe-de-recherche","status":"publish","type":"page","link":"https:\/\/olea.inrameknes.info\/?page_id=2388","title":{"rendered":"Equipe du projet"},"content":{"rendered":"\n<figure class=\"wp-block-image size-large\"><img loading=\"lazy\" decoding=\"async\" width=\"750\" height=\"614\" src=\"http:\/\/olea.inrameknes.info\/wp-content\/uploads\/2020\/04\/Equipe-du-projet-1.jpg\" alt=\"\" class=\"wp-image-2436\" srcset=\"https:\/\/olea.inrameknes.info\/wp-content\/uploads\/2020\/04\/Equipe-du-projet-1.jpg 750w, https:\/\/olea.inrameknes.info\/wp-content\/uploads\/2020\/04\/Equipe-du-projet-1-300x246.jpg 300w, https:\/\/olea.inrameknes.info\/wp-content\/uploads\/2020\/04\/Equipe-du-projet-1-366x300.jpg 366w\" sizes=\"(max-width: 750px) 100vw, 750px\" \/><figcaption>A partir de la gauche<br>Rang\u00e9e 1 : A. Ibrahimy, M. el Fechtali, L. Hssa\u00efni et N. Bahri.<br>Rang\u00e9e 2 : A. Nabloussi, H. Hanine et I. Guirrou.<\/figcaption><\/figure>\n\n\n\n<p><strong><a rel=\"noreferrer noopener\" aria-label=\"Dr Abdelghani Nabloussi (s\u2019ouvre dans un nouvel onglet)\" href=\"https:\/\/www.researchgate.net\/profile\/Abdelghani_Nabloussi\" target=\"_blank\">Dr Abdelghani Nabloussi<\/a><\/strong>, Am\u00e9lioration g\u00e9n\u00e9tique des ol\u00e9agineux annuels, INRA-CRRA de Mekn\u00e8s (Coordinateur du projet, abdelghani.nabloussi@inra.ma).<\/p>\n\n\n\n<p><strong><a href=\"http:\/\/olea.inrameknes.info\/wp-content\/uploads\/2020\/06\/R\u00e9sum\u00e9-Curriculum-vitae-en-fran\u00e7ais-El-Antari-3-juin-2020.pdf\" target=\"_blank\" rel=\"noreferrer noopener\" aria-label=\"Dr Abderraouf El Antari (s\u2019ouvre dans un nouvel onglet)\">Dr Abderraouf El Antari<\/a><\/strong>, Technologie Alimentaire, INRA-CRRA de Marrakech.<\/p>\n\n\n\n<p><strong><a href=\"https:\/\/www.researchgate.net\/profile\/Hafida_Hanine\" target=\"_blank\" rel=\"noreferrer noopener\" aria-label=\"Pr Hafida Hanine (s\u2019ouvre dans un nouvel onglet)\">Pr Hafida Hanine<\/a><\/strong>, Biochimie appliqu\u00e9e et g\u00e9nie de proc\u00e9d\u00e9s, FST de B\u00e9ni Mellal.<\/p>\n\n\n\n<p><strong><a href=\"https:\/\/ma.linkedin.com\/in\/abdelouafi-ibrahimy-28733080\" target=\"_blank\" rel=\"noreferrer noopener\" aria-label=\"Pr Abdelouafi Ibrahimy (s\u2019ouvre dans un nouvel onglet)\">Pr Abdelouafi Ibrahimy<\/a><\/strong>, Economie rurale, ENA de Mekn\u00e8s.<\/p>\n\n\n\n<p><strong><a href=\"https:\/\/ma.linkedin.com\/in\/ibtissame-guirrou-4329735b\" target=\"_blank\" rel=\"noreferrer noopener\" aria-label=\"Ir Ibtissame Guirrou (s\u2019ouvre dans un nouvel onglet)\">Ir Ibtissame Guirrou<\/a><\/strong>, Technologie Alimentaire, INRA-CRRA de Mekn\u00e8s.<\/p>\n\n\n\n<p><strong><a href=\"https:\/\/ma.linkedin.com\/in\/ibtissame-guirrou-4329735b\">I<\/a><a href=\"http:\/\/olea.inrameknes.info\/wp-content\/uploads\/2020\/06\/CV-r\u00e9sum\u00e9-Bahri.pdf\">r Noureddine Bahri<\/a><\/strong>, Information et communication, INRA-CRRA de Mekn\u00e8s.<\/p>\n\n\n\n<p><strong>Tc Mohamed El Fechtali<\/strong>, Technicien de recherche, INRA-CRRA de Mekn\u00e8s.<\/p>\n\n\n\n<p><strong><a href=\"https:\/\/www.researchgate.net\/profile\/Lahcen_Hssaini\" target=\"_blank\" rel=\"noreferrer noopener\" aria-label=\"Tc Lahssen Hssaini (s\u2019ouvre dans un nouvel onglet)\">Tc Lahssen Hssaini<\/a><\/strong>, Technicien de recherche, INRA-CRRA de Mekn\u00e8s.<\/p>\n","protected":false},"excerpt":{"rendered":"<p>Dr Abdelghani Nabloussi, Am\u00e9lioration g\u00e9n\u00e9tique des ol\u00e9agineux annuels, INRA-CRRA de Mekn\u00e8s (Coordinateur du projet, abdelghani.nabloussi@inra.ma). Dr Abderraouf El Antari, Technologie Alimentaire, INRA-CRRA de Marrakech. Pr Hafida Hanine, Biochimie appliqu\u00e9e et g\u00e9nie de proc\u00e9d\u00e9s, FST de B\u00e9ni Mellal. Pr Abdelouafi Ibrahimy, &hellip; <a href=\"https:\/\/olea.inrameknes.info\/?page_id=2388\">Continuer la lecture <span class=\"meta-nav\">&rarr;<\/span><\/a><\/p>\n","protected":false},"author":1,"featured_media":2709,"parent":0,"menu_order":0,"comment_status":"closed","ping_status":"closed","template":"showcase.php","meta":{"footnotes":""},"_links":{"self":[{"href":"https:\/\/olea.inrameknes.info\/index.php?rest_route=\/wp\/v2\/pages\/2388"}],"collection":[{"href":"https:\/\/olea.inrameknes.info\/index.php?rest_route=\/wp\/v2\/pages"}],"about":[{"href":"https:\/\/olea.inrameknes.info\/index.php?rest_route=\/wp\/v2\/types\/page"}],"author":[{"embeddable":true,"href":"https:\/\/olea.inrameknes.info\/index.php?rest_route=\/wp\/v2\/users\/1"}],"replies":[{"embeddable":true,"href":"https:\/\/olea.inrameknes.info\/index.php?rest_route=%2Fwp%2Fv2%2Fcomments&post=2388"}],"version-history":[{"count":9,"href":"https:\/\/olea.inrameknes.info\/index.php?rest_route=\/wp\/v2\/pages\/2388\/revisions"}],"predecessor-version":[{"id":2715,"href":"https:\/\/olea.inrameknes.info\/index.php?rest_route=\/wp\/v2\/pages\/2388\/revisions\/2715"}],"wp:featuredmedia":[{"embeddable":true,"href":"https:\/\/olea.inrameknes.info\/index.php?rest_route=\/wp\/v2\/media\/2709"}],"wp:attachment":[{"href":"https:\/\/olea.inrameknes.info\/index.php?rest_route=%2Fwp%2Fv2%2Fmedia&parent=2388"}],"curies":[{"name":"wp","href":"https:\/\/api.w.org\/{rel}","templated":true}]}}